{"id":303,"date":"2021-11-22T19:36:29","date_gmt":"2021-11-22T18:36:29","guid":{"rendered":"https:\/\/ly-industries.com\/?page_id=303"},"modified":"2022-01-03T14:00:19","modified_gmt":"2022-01-03T13:00:19","slug":"machine-laser-a-fibre-3d","status":"publish","type":"page","link":"https:\/\/ly-industries.com\/index.php\/machine-laser-a-fibre-3d\/","title":{"rendered":"Machine laser \u00e0 fibre 3D"},"content":{"rendered":"\n<div style=\"height:30px\" aria-hidden=\"true\" class=\"wp-block-spacer\"><\/div>\n\n\n\n<div class=\"wp-block-columns is-layout-flex wp-container-core-columns-is-layout-28f84493 wp-block-columns-is-layout-flex\">\n<div class=\"wp-block-column is-layout-flow wp-block-column-is-layout-flow\">\n<figure class=\"wp-block-image alignfull size-large is-style-default\"><img fetchpriority=\"high\" decoding=\"async\" width=\"1024\" height=\"326\" src=\"https:\/\/ly-industries.com\/wp-content\/uploads\/2021\/11\/LY-industries_machine_3D_header-1024x326.jpg\" alt=\"\" class=\"wp-image-308\" srcset=\"https:\/\/ly-industries.com\/wp-content\/uploads\/2021\/11\/LY-industries_machine_3D_header-1024x326.jpg 1024w, https:\/\/ly-industries.com\/wp-content\/uploads\/2021\/11\/LY-industries_machine_3D_header-300x96.jpg 300w, https:\/\/ly-industries.com\/wp-content\/uploads\/2021\/11\/LY-industries_machine_3D_header-768x245.jpg 768w, https:\/\/ly-industries.com\/wp-content\/uploads\/2021\/11\/LY-industries_machine_3D_header.jpg 1500w\" sizes=\"(max-width: 1024px) 100vw, 1024px\" \/><\/figure>\n\n\n\n<h1 class=\"wp-block-heading\">Machine laser \u00e0 fibre 3D<\/h1>\n\n\n\n<div class=\"wp-block-columns is-layout-flex wp-container-core-columns-is-layout-28f84493 wp-block-columns-is-layout-flex\">\n<div class=\"wp-block-column is-layout-flow wp-block-column-is-layout-flow\" style=\"flex-basis:33.33%\">\n<hr class=\"wp-block-separator has-text-color has-background is-style-wide\" style=\"background-color:#ee2e2e;color:#ee2e2e\"\/>\n<\/div>\n\n\n\n<div class=\"wp-block-column is-layout-flow wp-block-column-is-layout-flow\" style=\"flex-basis:66.66%\">\n<figure class=\"wp-block-embed is-type-video is-provider-youtube wp-block-embed-youtube wp-embed-aspect-16-9 wp-has-aspect-ratio\"><div class=\"wp-block-embed__wrapper\">\n<iframe title=\"Machine de d\u00e9coupe laser 3D 5 axes - S\u00e9rie AUTOBOT\" width=\"1290\" height=\"726\" src=\"https:\/\/www.youtube.com\/embed\/Ry2RqlAazxY?feature=oembed\" frameborder=\"0\" allow=\"accelerometer; autoplay; clipboard-write; encrypted-media; gyroscope; picture-in-picture\" allowfullscreen><\/iframe>\n<\/div><\/figure>\n<\/div>\n<\/div>\n\n\n\n<h3 class=\"wp-block-heading\"><strong><span style=\"color:#ee2e2e\" class=\"has-inline-color\">S\u00e9rie AUTOBOT<\/span><\/strong><\/h3>\n\n\n\n<p><strong>Le laser 3D pour un traitement pr\u00e9cis de pi\u00e8ces 3D et de contours complexes.<\/strong><\/p>\n\n\n\n<ul class=\"wp-block-list\"><li>Particuli\u00e8rement adapt\u00e9 \u00e0 la d\u00e9coupe et au traitement de l&#8217;acier lamin\u00e9 \u00e0 chaud des secteurs automobile et a\u00e9ronautique<\/li><li>Hautes performances avec une pr\u00e9cision \u00e9lev\u00e9e constante<\/li><li>Permet le remplacement des formes conventionnelles de d\u00e9coupe et de poin\u00e7onnage&nbsp;<\/li><li>\u00c9quip\u00e9 d&#8217;une table rotative haute performance pour une coupe de haute qualit\u00e9 et efficace de pi\u00e8ces 3D&nbsp;<\/li><li>Positionnement rapide, perforation rapide et traitement de petits angles<\/li><li>Autofocus et protection anticollision<\/li><\/ul>\n<\/div>\n<\/div>\n\n\n\n<div style=\"height:100px\" aria-hidden=\"true\" class=\"wp-block-spacer\"><\/div>\n\n\n\n<div class=\"wp-block-columns is-layout-flex wp-container-core-columns-is-layout-28f84493 wp-block-columns-is-layout-flex\">\n<div class=\"wp-block-column is-layout-flow wp-block-column-is-layout-flow\">\n<h2 class=\"wp-block-heading\"><strong>Avantages du laser 3D<\/strong><\/h2>\n\n\n\n<h3 class=\"has-palette-color-3-color has-text-color wp-block-heading\">1. Haute r\u00e9sistance + stabilit\u00e9<\/h3>\n\n\n\n<p>En raison de la construction robuste de la machine laser 3D AUTOBOT, la machine HGTECH montre une meilleure durabilit\u00e9 et une meilleure stabilit\u00e9 dans son travail.<\/p>\n\n\n\n<h3 class=\"has-palette-color-3-color has-text-color wp-block-heading\">2. Meilleure acc\u00e9l\u00e9ration<\/h3>\n\n\n\n<p>Vitesse de positionnement plus \u00e9lev\u00e9e avec des performances de coupe et une pr\u00e9cision garanties \u00e0 long terme.<\/p>\n\n\n\n<h3 class=\"has-palette-color-3-color has-text-color wp-block-heading\">3. Haute efficacit\u00e9<\/h3>\n\n\n\n<p>Des vitesses, des acc\u00e9l\u00e9rations et des d\u00e9placements constamment \u00e9lev\u00e9s pour plus de performances.<\/p>\n\n\n\n<h3 class=\"has-palette-color-3-color has-text-color wp-block-heading\">4. S\u00e9curit\u00e9<\/h3>\n\n\n\n<p>Les dispositifs de s\u00e9curit\u00e9 correspondent \u00e0 la norme internationale CE.<\/p>\n\n\n\n<h3 class=\"has-palette-color-3-color has-text-color wp-block-heading\">5. Rapport co\u00fbt-efficacit\u00e9<\/h3>\n\n\n\n<p>Performances comparables \u00e0 celles des fabricants \u00e9tablis, technologie de fibre \u00e0 haut rendement \u00e9nerg\u00e9tique et co\u00fbts de maintenance et d&#8217;entretien r\u00e9duits.<\/p>\n<\/div>\n<\/div>\n\n\n\n<div style=\"height:100px\" aria-hidden=\"true\" class=\"wp-block-spacer\"><\/div>\n\n\n\n<div class=\"wp-block-columns is-layout-flex wp-container-core-columns-is-layout-28f84493 wp-block-columns-is-layout-flex\">\n<div class=\"wp-block-column is-layout-flow wp-block-column-is-layout-flow\">\n<h2 class=\"wp-block-heading\"><strong><strong>Information produit<\/strong><\/strong><\/h2>\n\n\n\n<p>L&#8217;AUTOBOT3015 est un laser \u00e0 fibre 3D avec traitement laser \u00e0 cinq axes. Cette s\u00e9rie a \u00e9t\u00e9 sp\u00e9cialement d\u00e9velopp\u00e9e pour les industries a\u00e9rospatiale et automobile afin de simplifier la d\u00e9coupe et l&#8217;usinage d&#8217;\u00e9l\u00e9ments en t\u00f4le pleine et en acier. Semblable \u00e0 la s\u00e9rie 2D MARVEL de HGTECH, le laser 3D se caract\u00e9rise par une haute pr\u00e9cision et une vitesse \u00e9lev\u00e9e ainsi qu&#8217;une dynamique extraordinaire et un \u00e9quipement sup\u00e9rieur \u00e0 la moyenne.<\/p>\n\n\n\n<p>En tant que soci\u00e9t\u00e9 pionni\u00e8re et leader dans la technologie de d\u00e9coupe et de soudage laser, HGTECH s&#8217;engage dans le d\u00e9veloppement du laser dans l&#8217;industrie automobile afin d&#8217;am\u00e9liorer consid\u00e9rablement le niveau d&#8217;\u00e9quipement. Au lieu de la m\u00e9thode de traitement traditionnelle, la s\u00e9rie HGTECH AUTOBOT r\u00e9duit l&#8217;investissement en outils, raccourcit consid\u00e9rablement le cycle de d\u00e9veloppement des constructeurs et fournisseurs automobiles, am\u00e9liore l&#8217;efficacit\u00e9 du traitement et la pr\u00e9cision des pi\u00e8ces et r\u00e9duit les co\u00fbts de production.<\/p>\n\n\n\n<p>Pas encore convaincu&nbsp;? Contactez-nous ou visitez notre centre de d\u00e9monstration et d&#8217;application \u00e0 Neuenstein pr\u00e8s de Heilbronn, nous serons heureux de prendre le temps de vous donner des conseils complets sur toutes les questions concernant nos machines.<\/p>\n<\/div>\n<\/div>\n\n\n\n<div class=\"wp-block-buttons is-layout-flex wp-block-buttons-is-layout-flex\">\n<div class=\"wp-block-button is-style-outline is-style-outline--1\"><a class=\"wp-block-button__link has-palette-color-4-color has-text-color\" href=\"https:\/\/ly-industries.com\/wp-content\/uploads\/2021\/11\/MACHINE-DE-MARQUAGE-LASER-3D-1.pdf\" target=\"_blank\" rel=\"noreferrer noopener\">Afficher les param\u00e8tres techniques<\/a><\/div>\n<\/div>\n","protected":false},"excerpt":{"rendered":"<p>Machine laser \u00e0 fibre 3D S\u00e9rie AUTOBOT Le laser 3D pour [&hellip;]<\/p>\n","protected":false},"author":1,"featured_media":0,"parent":0,"menu_order":0,"comment_status":"closed","ping_status":"closed","template":"","meta":{"footnotes":""},"class_list":["post-303","page","type-page","status-publish","hentry"],"blocksy_meta":{"styles_descriptor":{"styles":{"desktop":"","tablet":"","mobile":""},"google_fonts":[],"version":6}},"_links":{"self":[{"href":"https:\/\/ly-industries.com\/index.php\/wp-json\/wp\/v2\/pages\/303","targetHints":{"allow":["GET"]}}],"collection":[{"href":"https:\/\/ly-industries.com\/index.php\/wp-json\/wp\/v2\/pages"}],"about":[{"href":"https:\/\/ly-industries.com\/index.php\/wp-json\/wp\/v2\/types\/page"}],"author":[{"embeddable":true,"href":"https:\/\/ly-industries.com\/index.php\/wp-json\/wp\/v2\/users\/1"}],"replies":[{"embeddable":true,"href":"https:\/\/ly-industries.com\/index.php\/wp-json\/wp\/v2\/comments?post=303"}],"version-history":[{"count":9,"href":"https:\/\/ly-industries.com\/index.php\/wp-json\/wp\/v2\/pages\/303\/revisions"}],"predecessor-version":[{"id":486,"href":"https:\/\/ly-industries.com\/index.php\/wp-json\/wp\/v2\/pages\/303\/revisions\/486"}],"wp:attachment":[{"href":"https:\/\/ly-industries.com\/index.php\/wp-json\/wp\/v2\/media?parent=303"}],"curies":[{"name":"wp","href":"https:\/\/api.w.org\/{rel}","templated":true}]}}