{"id":2,"date":"2021-11-05T12:15:54","date_gmt":"2021-11-05T11:15:54","guid":{"rendered":"http:\/\/ly-industries.com\/?page_id=2"},"modified":"2025-01-24T09:38:33","modified_gmt":"2025-01-24T08:38:33","slug":"page-d-exemple","status":"publish","type":"page","link":"https:\/\/ly-industries.com\/","title":{"rendered":"Accueil"},"content":{"rendered":"\n<div class=\"wp-block-columns is-layout-flex wp-container-core-columns-is-layout-28f84493 wp-block-columns-is-layout-flex\">\n<div class=\"wp-block-column is-layout-flow wp-block-column-is-layout-flow\">\n<div class=\"wp-block-cover alignfull\"><span aria-hidden=\"true\" class=\"wp-block-cover__background has-background-dim-60 has-background-dim\"><\/span><img fetchpriority=\"high\" decoding=\"async\" width=\"1200\" height=\"500\" class=\"wp-block-cover__image-background wp-image-557\" alt=\"\" src=\"https:\/\/ly-industries.com\/wp-content\/uploads\/2023\/09\/fond-avec-soudeuse-laser-2.jpg\" data-object-fit=\"cover\" srcset=\"https:\/\/ly-industries.com\/wp-content\/uploads\/2023\/09\/fond-avec-soudeuse-laser-2.jpg 1200w, https:\/\/ly-industries.com\/wp-content\/uploads\/2023\/09\/fond-avec-soudeuse-laser-2-300x125.jpg 300w, https:\/\/ly-industries.com\/wp-content\/uploads\/2023\/09\/fond-avec-soudeuse-laser-2-1024x427.jpg 1024w, https:\/\/ly-industries.com\/wp-content\/uploads\/2023\/09\/fond-avec-soudeuse-laser-2-768x320.jpg 768w\" sizes=\"(max-width: 1200px) 100vw, 1200px\" \/><div class=\"wp-block-cover__inner-container is-layout-flow wp-block-cover-is-layout-flow\">\n<p class=\"has-text-align-left has-large-font-size\"><meta charset=\"utf-8\"><strong>Machine de soudage laser manuelle<\/strong><\/p>\n\n\n\n<p><meta charset=\"utf-8\"><\/p>\n\n\n\n<ul class=\"wp-block-list\">\n<li>La conception interne est intelligente et le bon syst\u00e8me de contr\u00f4le interactif \u00e9tend la plage de tol\u00e9rance des pi\u00e8ces trait\u00e9es et la largeur du cordon de soudure, r\u00e9sout l\u2019inconv\u00e9nient des petits points lumineux et am\u00e9liore le cordon de soudure.<\/li>\n\n\n\n<li>La forme est l\u00e9g\u00e8re, la m\u00e9thode de conception de l\u2019ing\u00e9nierie corporelle est adopt\u00e9e et la prise en main est confortable&nbsp;; la main est facile \u00e0 contr\u00f4ler et l\u2019op\u00e9ration est simple et facile \u00e0 utiliser.<\/li>\n\n\n\n<li>Avec plusieurs alarmes de s\u00e9curit\u00e9, la lumi\u00e8re sera automatiquement verrouill\u00e9e apr\u00e8s le retrait de la pi\u00e8ce et la s\u00e9curit\u00e9 est \u00e9lev\u00e9e.<\/li>\n\n\n\n<li>Beau cordon de soudure, vitesse rapide. Pas de consommables, pas de traces de soudure, pas de d\u00e9coloration, pas besoin de polissage ult\u00e9rieur.<\/li>\n\n\n\n<li>Une vari\u00e9t\u00e9 de buses angulaires peut \u00eatre configur\u00e9e pour r\u00e9pondre aux besoins de soudage de diff\u00e9rents produits.<\/li>\n<\/ul>\n\n\n\n<div class=\"wp-block-buttons is-layout-flex wp-block-buttons-is-layout-flex\">\n<div class=\"wp-block-button is-style-fill\"><a class=\"wp-block-button__link has-palette-color-2-background-color has-background wp-element-button\" href=\"https:\/\/ly-industries.com\/index.php\/machine-de-soudage-laser\/\">Voir la machine de soudage laser manuelle<\/a><\/div>\n<\/div>\n<\/div><\/div>\n<\/div>\n<\/div>\n\n\n\n<div style=\"height:50px\" aria-hidden=\"true\" class=\"wp-block-spacer\"><\/div>\n\n\n\n<h2 class=\"wp-block-heading\"><strong>Qui sommes-nous&nbsp;?<\/strong><\/h2>\n\n\n\n<p><strong>LY industries <\/strong>est un distributeur d\u2019\u00e9quipement industriel laser de la marque <strong>HGTECH<\/strong>. Nous sommes votre expert et partenaire dans la fourniture de machines laser et de services dans le domaine du traitement des m\u00e9taux et de la t\u00f4le&nbsp;! Gr\u00e2ce \u00e0 nos services en amont et en aval, tout est li\u00e9 \u00e0 HGTECH, et il n&#8217;y a pas de probl\u00e8me non r\u00e9solu.<\/p>\n\n\n\n<p>Gr\u00e2ce \u00e0 <strong>LY industries<\/strong>, nous fournissons le service complet ad\u00e9quat par l&#8217;interm\u00e9diaire de cette entreprise. D&#8217;une part, nous \u00e9quipons nos clients de machines laser HGTECH adapt\u00e9es, d&#8217;autre part, nous accompagnons leur travail avec des services adapt\u00e9s, qui sont les n\u00f4tres. Nous fournissons une opportunit\u00e9 \u00e0 vos clients, vous donnant la possibilit\u00e9 de r\u00e9soudre des probl\u00e8mes avec des partenaires performants, <strong>LY industries<\/strong>. Nous aidons nos clients \u00e0 r\u00e9duire leurs co\u00fbts de production et \u00e0 augmenter leur rentabilit\u00e9.<\/p>\n\n\n\n<p><strong>Bienvenue dans notre showroom en Allemagne.<\/strong> <strong>Deux machines de d\u00e9coupe 2D haute puissance vous feront la d\u00e9monstration.<\/strong> <\/p>\n\n\n\n<p><strong>Notre showroom en France \u00e0 Douai (59500), les machines de soudage laser manuel et machine d\u00e9capage laser sont disponibles pour d\u00e9monstration.<\/strong><\/p>\n\n\n\n<p>Chez nous, vous trouverez des technologies de haute qualit\u00e9 \u00e0 des prix abordables :<\/p>\n\n\n\n<ul class=\"wp-block-list\">\n<li><a href=\"https:\/\/ly-industries.com\/index.php\/machine-de-decoupe-laser-2d\/\" data-type=\"page\" data-id=\"119\">Machine de d\u00e9coupe laser \u00e0 fibre 2D<\/a><\/li>\n\n\n\n<li><a href=\"https:\/\/ly-industries.com\/index.php\/machine-de-decoupe-laser-pour-tubes-en-fibre\/\" data-type=\"page\" data-id=\"319\">Machine de d\u00e9coupe laser de tubes<\/a><\/li>\n\n\n\n<li><a href=\"https:\/\/ly-industries.com\/index.php\/machine-laser-a-fibre-3d\/\" data-type=\"page\" data-id=\"303\">Machine de d\u00e9coupe laser \u00e0 fibre 3D<\/a><\/li>\n\n\n\n<li><a href=\"https:\/\/ly-industries.com\/index.php\/machine-de-marquage-laser-serie-fibre\/\">Machine de marquage \/ gravure laser<\/a><\/li>\n\n\n\n<li><a href=\"https:\/\/ly-industries.com\/index.php\/machine-de-soudage-laser\/\" data-type=\"URL\" data-id=\"https:\/\/ly-industries.com\/index.php\/machine-de-soudage-laser\/\">Machine de soudage laser manuelle et robot \/ cobot&nbsp;<\/a><\/li>\n\n\n\n<li><a href=\"https:\/\/ly-industries.com\/index.php\/machine-de-nettoyage-laser\/\" data-type=\"page\" data-id=\"292\">Machine de d\u00e9capage \/ nettoyage laser<\/a><\/li>\n\n\n\n<li>Soudeuse TIG et MIG\/MAG<\/li>\n<\/ul>\n\n\n\n<div style=\"height:50px\" aria-hidden=\"true\" class=\"wp-block-spacer\"><\/div>\n\n\n\n<h2 class=\"wp-block-heading\"><strong><strong>Partenariat avec HGTECH<\/strong><\/strong><\/h2>\n\n\n\n<div class=\"wp-block-columns is-layout-flex wp-container-core-columns-is-layout-28f84493 wp-block-columns-is-layout-flex\">\n<div class=\"wp-block-column is-layout-flow wp-block-column-is-layout-flow\">\n<p style=\"font-size:clamp(14px, 0.875rem + ((1vw - 3.2px) * 0.313), 18px);px\"><strong>LY Industries<\/strong> est la repr\u00e9sentation en France de HGTECH, commerciale et service apr\u00e8s-vente, d\u00e9veloppement du march\u00e9 fran\u00e7ais.<\/p>\n\n\n\n<p><strong>HGTECH<\/strong>, dont le si\u00e8ge est \u00e0 Wuhan en Chine, s&#8217;est impos\u00e9 sur le march\u00e9 depuis 1977 et fait partie des 5 premiers au classement mondial de tous les fabricants de laser. En collaboration avec l&#8217;\u00e9quipe de service et de vente de <strong>LY Industries<\/strong>, nous pouvons nous appuyer sur des d\u00e9cennies d&#8217;exp\u00e9rience dans le traitement de la t\u00f4le, en particulier sur les machines laser. HGTECH propose des machines laser haute qualit\u00e9, elles pr\u00e9sentent des mat\u00e9riaux de haute qualit\u00e9 et des ann\u00e9es de recherche dans la d\u00e9coupe laser et la fibre. <\/p>\n\n\n\n<p>HGTECH est le fondateur de la marque source de laser <strong><a href=\"https:\/\/en.raycuslaser.com\/\">RAYCUS<\/a><\/strong> et <strong><a href=\"http:\/\/en.huaraylaser.com\/\">HUARAY<\/a><\/strong>.<\/p>\n<\/div>\n\n\n\n<div class=\"wp-block-column is-layout-flow wp-block-column-is-layout-flow\">\n<figure class=\"wp-block-embed is-type-video is-provider-youtube wp-block-embed-youtube wp-embed-aspect-16-9 wp-has-aspect-ratio\"><div class=\"wp-block-embed__wrapper\">\n<iframe title=\"Nouveau Park Production HGTECH\" width=\"1290\" height=\"726\" src=\"https:\/\/www.youtube.com\/embed\/nQrIecsKdbA?feature=oembed\" frameborder=\"0\" allow=\"accelerometer; autoplay; clipboard-write; encrypted-media; gyroscope; picture-in-picture; web-share\" referrerpolicy=\"strict-origin-when-cross-origin\" allowfullscreen><\/iframe>\n<\/div><\/figure>\n<\/div>\n<\/div>\n\n\n\n<div style=\"height:50px\" aria-hidden=\"true\" class=\"wp-block-spacer\"><\/div>\n\n\n\n<div class=\"wp-block-columns alignfull is-layout-flex wp-container-core-columns-is-layout-28f84493 wp-block-columns-is-layout-flex\">\n<div class=\"wp-block-column is-vertically-aligned-center is-layout-flow wp-block-column-is-layout-flow\">\n<div class=\"wp-block-cover alignwide\" style=\"min-height:150px;aspect-ratio:unset;\"><span aria-hidden=\"true\" class=\"wp-block-cover__background has-palette-color-5-background-color has-background-dim-100 has-background-dim\"><\/span><div class=\"wp-block-cover__inner-container is-layout-flow wp-block-cover-is-layout-flow\">\n<p class=\"has-text-align-center\" style=\"font-size:clamp(18.959px, 1.185rem + ((1vw - 3.2px) * 0.863), 30px);\"><mark style=\"background-color:rgba(0, 0, 0, 0);color:#58585a\" class=\"has-inline-color\"><strong>8.000<\/strong><\/mark> <mark style=\"background-color:rgba(0, 0, 0, 0);color:#58585a\" class=\"has-inline-color\">salari\u00e9s<\/mark><\/p>\n<\/div><\/div>\n<\/div>\n\n\n\n<div class=\"wp-block-column is-vertically-aligned-center is-layout-flow wp-block-column-is-layout-flow\">\n<div class=\"wp-block-cover alignwide\" style=\"min-height:150px;aspect-ratio:unset;\"><span aria-hidden=\"true\" class=\"wp-block-cover__background has-palette-color-5-background-color has-background-dim-100 has-background-dim\"><\/span><div class=\"wp-block-cover__inner-container is-layout-flow wp-block-cover-is-layout-flow\">\n<p class=\"has-text-align-center\" style=\"font-size:clamp(18.959px, 1.185rem + ((1vw - 3.2px) * 0.863), 30px);\"><mark style=\"background-color:rgba(0, 0, 0, 0);color:#58585a\" class=\"has-inline-color\"><strong><strong><strong>2.500<\/strong><\/strong><\/strong><\/mark> <mark style=\"background-color:rgba(0, 0, 0, 0);color:#58585a\" class=\"has-inline-color\">machines laser \/ an<\/mark><\/p>\n<\/div><\/div>\n<\/div>\n\n\n\n<div class=\"wp-block-column is-vertically-aligned-center is-layout-flow wp-block-column-is-layout-flow\">\n<div class=\"wp-block-cover alignwide\" style=\"min-height:150px;aspect-ratio:unset;\"><span aria-hidden=\"true\" class=\"wp-block-cover__background has-palette-color-5-background-color has-background-dim-100 has-background-dim\"><\/span><div class=\"wp-block-cover__inner-container is-layout-flow wp-block-cover-is-layout-flow\">\n<p class=\"has-text-align-center\" style=\"font-size:clamp(18.959px, 1.185rem + ((1vw - 3.2px) * 0.863), 30px);\"><mark style=\"background-color:rgba(0, 0, 0, 0);color:#58585a\" class=\"has-inline-color\">Chiffre d\u2019affaires 2022\u00a0: <strong><strong><strong><strong><strong>1,65 milliards\u00a0\u20ac<\/strong><\/strong><\/strong><\/strong><\/strong><\/mark><\/p>\n<\/div><\/div>\n<\/div>\n<\/div>\n\n\n\n<div style=\"height:50px\" aria-hidden=\"true\" class=\"wp-block-spacer\"><\/div>\n\n\n\n<p>En tant que fabricant chinois, HGTECH fournit des machines laser haute qualit\u00e9, utilise le plus haut niveau de recherche et des mat\u00e9riaux de haute qualit\u00e9 du monde entier. Importez diverses pi\u00e8ces d&#8217;autres pays pour fabriquer des machines. Par exemple, cela comprend \u00e9galement des pi\u00e8ces d&#8217;Allemagne et de Su\u00e8de. Vous trouverez des informations plus d\u00e9taill\u00e9es dans l&#8217;aper\u00e7u des produits. Les lasers \u00e0 fibre de HGTECH ne sont pas inf\u00e9rieurs \u00e0 ses concurrents allemands en termes de d\u00e9veloppement et de qualit\u00e9. Visitez notre centre de d\u00e9monstration et constatez leurs performances&nbsp;!<\/p>\n","protected":false},"excerpt":{"rendered":"<p>Qui sommes-nous&nbsp;? LY industries est un distributeu [&hellip;]<\/p>\n","protected":false},"author":1,"featured_media":0,"parent":0,"menu_order":0,"comment_status":"closed","ping_status":"open","template":"","meta":{"footnotes":""},"class_list":["post-2","page","type-page","status-publish","hentry"],"blocksy_meta":{"styles_descriptor":{"styles":{"desktop":"","tablet":"","mobile":""},"google_fonts":[],"version":6}},"_links":{"self":[{"href":"https:\/\/ly-industries.com\/index.php\/wp-json\/wp\/v2\/pages\/2","targetHints":{"allow":["GET"]}}],"collection":[{"href":"https:\/\/ly-industries.com\/index.php\/wp-json\/wp\/v2\/pages"}],"about":[{"href":"https:\/\/ly-industries.com\/index.php\/wp-json\/wp\/v2\/types\/page"}],"author":[{"embeddable":true,"href":"https:\/\/ly-industries.com\/index.php\/wp-json\/wp\/v2\/users\/1"}],"replies":[{"embeddable":true,"href":"https:\/\/ly-industries.com\/index.php\/wp-json\/wp\/v2\/comments?post=2"}],"version-history":[{"count":60,"href":"https:\/\/ly-industries.com\/index.php\/wp-json\/wp\/v2\/pages\/2\/revisions"}],"predecessor-version":[{"id":618,"href":"https:\/\/ly-industries.com\/index.php\/wp-json\/wp\/v2\/pages\/2\/revisions\/618"}],"wp:attachment":[{"href":"https:\/\/ly-industries.com\/index.php\/wp-json\/wp\/v2\/media?parent=2"}],"curies":[{"name":"wp","href":"https:\/\/api.w.org\/{rel}","templated":true}]}}